{"id":3066,"date":"2025-09-17T22:00:58","date_gmt":"2025-09-17T20:00:58","guid":{"rendered":"https:\/\/vitaflora.sk\/kapcsolat\/"},"modified":"2025-11-04T14:52:46","modified_gmt":"2025-11-04T13:52:46","slug":"kapcsolat","status":"publish","type":"page","link":"https:\/\/vitaflora.sk\/hu\/kapcsolat\/","title":{"rendered":"Kapcsolat"},"content":{"rendered":"\t\t<div data-elementor-type=\"wp-page\" data-elementor-id=\"3066\" class=\"elementor elementor-3066 elementor-2157\" data-elementor-post-type=\"page\">\n\t\t\t\t<div class=\"elementor-element elementor-element-8f6f11e e-flex e-con-boxed e-con e-parent\" data-id=\"8f6f11e\" data-element_type=\"container\" data-settings=\"{&quot;background_background&quot;:&quot;classic&quot;}\">\n\t\t\t\t\t<div class=\"e-con-inner\">\n\t\t<div class=\"elementor-element elementor-element-f10d996 e-con-full e-flex e-con e-child\" data-id=\"f10d996\" data-element_type=\"container\">\n\t\t\t\t<div class=\"elementor-element elementor-element-0a0a5b4 elementor-widget elementor-widget-text-editor\" data-id=\"0a0a5b4\" data-element_type=\"widget\" data-widget_type=\"text-editor.default\">\n\t\t\t\t\t\t\t\t\t<h3><span style=\"font-weight: 400;\">Mlyn Kol\u00e1rovo, a. s.<\/span><\/h3><p><span style=\"font-weight: 400;\">\u017delezni\u010dn\u00fd rad 11, 946 03 Kol\u00e1rovo<\/span><\/p><p><span style=\"font-weight: 400;\"><strong>V\u00e1llalati azonos\u00edt\u00f3 sz\u00e1m: <\/strong>46883631<\/span><\/p><p><span style=\"font-weight: 400;\"><strong>Ad\u00f3azonos\u00edt\u00f3 sz\u00e1m:<\/strong> 2023626671<\/span><\/p><p><span style=\"font-weight: 400;\"><strong>EU ad\u00f3sz\u00e1m (\u00c1FA-azonos\u00edt\u00f3):<\/strong> SK2023626671<\/span><\/p><p><span style=\"font-weight: 400;\"><strong>E-mail:<\/strong> info@mlynkolarovo.sk<\/span><\/p><p><span style=\"font-weight: 400;\"><strong>Tel.:<\/strong> 035 \/ 777 51 81<\/span><\/p>\t\t\t\t\t\t\t\t<\/div>\n\t\t\t\t<\/div>\n\t\t<div class=\"elementor-element elementor-element-abe75ba e-con-full e-flex e-con e-child\" data-id=\"abe75ba\" data-element_type=\"container\" data-settings=\"{&quot;background_background&quot;:&quot;classic&quot;}\">\n\t\t\t\t<div class=\"elementor-element elementor-element-afdf264 elementor-widget elementor-widget-text-editor\" data-id=\"afdf264\" data-element_type=\"widget\" data-widget_type=\"text-editor.default\">\n\t\t\t\t\t\t\t\t\t<h3><span style=\"font-weight: 400;\">Kapcsolati \u0171rlap<\/span><\/h3>\t\t\t\t\t\t\t\t<\/div>\n\t\t\t\t<div class=\"elementor-element elementor-element-2f5e3e0 elementor-button-align-stretch elementor-widget elementor-widget-form\" data-id=\"2f5e3e0\" data-element_type=\"widget\" data-settings=\"{&quot;step_next_label&quot;:&quot;K\\u00f6vetkez\\u0151&quot;,&quot;step_previous_label&quot;:&quot;El\\u0151z\\u0151&quot;,&quot;button_width&quot;:&quot;100&quot;,&quot;step_type&quot;:&quot;number_text&quot;,&quot;step_icon_shape&quot;:&quot;circle&quot;}\" data-widget_type=\"form.default\">\n\t\t\t\t\t\t\t<form class=\"elementor-form\" method=\"post\" name=\"\u00daj \u0171rlap\" aria-label=\"\u00daj \u0171rlap\">\n\t\t\t<input type=\"hidden\" name=\"post_id\" value=\"3066\"\/>\n\t\t\t<input type=\"hidden\" name=\"form_id\" value=\"2f5e3e0\"\/>\n\t\t\t<input type=\"hidden\" name=\"referer_title\" value=\"Kapcsolat\" \/>\n\n\t\t\t\t\t\t\t<input type=\"hidden\" name=\"queried_id\" value=\"3066\"\/>\n\t\t\t\n\t\t\t<div class=\"elementor-form-fields-wrapper elementor-labels-above\">\n\t\t\t\t\t\t\t\t<div class=\"elementor-field-type-text elementor-field-group elementor-column elementor-field-group-name elementor-col-50\">\n\t\t\t\t\t\t\t\t\t\t\t\t\t<input size=\"1\" type=\"text\" name=\"form_fields[name]\" id=\"form-field-name\" class=\"elementor-field elementor-size-sm  elementor-field-textual\" placeholder=\"N\u00e9v\">\n\t\t\t\t\t\t\t\t\t\t\t<\/div>\n\t\t\t\t\t\t\t\t<div class=\"elementor-field-type-email elementor-field-group elementor-column elementor-field-group-email elementor-col-50 elementor-field-required\">\n\t\t\t\t\t\t\t\t\t\t\t\t\t<input size=\"1\" type=\"email\" name=\"form_fields[email]\" id=\"form-field-email\" class=\"elementor-field elementor-size-sm  elementor-field-textual\" placeholder=\"E-mail\" required=\"required\">\n\t\t\t\t\t\t\t\t\t\t\t<\/div>\n\t\t\t\t\t\t\t\t<div class=\"elementor-field-type-textarea elementor-field-group elementor-column elementor-field-group-message elementor-col-100\">\n\t\t\t\t\t<textarea class=\"elementor-field-textual elementor-field  elementor-size-sm\" name=\"form_fields[message]\" id=\"form-field-message\" rows=\"4\" placeholder=\"\u00dczenet...\"><\/textarea>\t\t\t\t<\/div>\n\t\t\t\t\t\t\t\t<div class=\"elementor-field-type-recaptcha_v3 elementor-field-group elementor-column elementor-field-group-field_43734cf elementor-col-100 recaptcha_v3-bottomright\">\n\t\t\t\t\t<div class=\"elementor-field\" id=\"form-field-field_43734cf\"><div class=\"elementor-g-recaptcha\" data-sitekey=\"6LczFgIsAAAAAPbfyyVp65SMh9EmLJEcDukpt5D8\" data-type=\"v3\" data-action=\"Form\" data-badge=\"bottomright\" data-size=\"invisible\"><\/div><\/div>\t\t\t\t<\/div>\n\t\t\t\t\t\t\t\t<div class=\"elementor-field-group elementor-column elementor-field-type-submit elementor-col-100 e-form__buttons\">\n\t\t\t\t\t<button class=\"elementor-button elementor-size-sm\" type=\"submit\">\n\t\t\t\t\t\t<span class=\"elementor-button-content-wrapper\">\n\t\t\t\t\t\t\t\t\t\t\t\t\t\t\t\t\t\t\t\t\t\t<span class=\"elementor-button-text\">K\u00fcld\u00e9s<\/span>\n\t\t\t\t\t\t\t\t\t\t\t\t\t<\/span>\n\t\t\t\t\t<\/button>\n\t\t\t\t<\/div>\n\t\t\t<\/div>\n\t\t<\/form>\n\t\t\t\t\t\t<\/div>\n\t\t\t\t<\/div>\n\t\t\t\t\t<\/div>\n\t\t\t\t<\/div>\n\t\t<div class=\"elementor-element elementor-element-e70719b e-con-full e-flex e-con e-parent\" data-id=\"e70719b\" data-element_type=\"container\">\n\t\t<div class=\"elementor-element elementor-element-8fb818e e-con-full e-flex e-con e-child\" data-id=\"8fb818e\" data-element_type=\"container\" data-settings=\"{&quot;background_background&quot;:&quot;classic&quot;}\">\n\t\t\t\t<div class=\"elementor-element elementor-element-074bdbe elementor-widget elementor-widget-html\" data-id=\"074bdbe\" data-element_type=\"widget\" data-widget_type=\"html.default\">\n\t\t\t\t\t<iframe src=\"https:\/\/www.google.com\/maps\/embed?pb=!1m18!1m12!1m3!1d2674.267818724451!2d17.98122047673572!3d47.91185516684808!2m3!1f0!2f0!3f0!3m2!1i1024!2i768!4f13.1!3m3!1m2!1s0x476ba7c55bdc5905%3A0xb46972cdc5b0ded!2zxb1lbGV6bmnEjW7DvSByYWQgMTEsIDk0NiAwMyBLb2zDoXJvdm8!5e0!3m2!1ssk!2ssk!4v1758144280499!5m2!1ssk!2ssk\" width=\"600\" height=\"450\" style=\"border:0;\" allowfullscreen=\"\" loading=\"lazy\" referrerpolicy=\"no-referrer-when-downgrade\"><\/iframe>\t\t\t\t<\/div>\n\t\t\t\t<\/div>\n\t\t\t\t<\/div>\n\t\t\t\t<\/div>\n\t\t","protected":false},"excerpt":{"rendered":"<p>Mlyn Kol\u00e1rovo, a. s. \u017delezni\u010dn\u00fd rad 11, 946 03 Kol\u00e1rovo V\u00e1llalati azonos\u00edt\u00f3 sz\u00e1m: 46883631 Ad\u00f3azonos\u00edt\u00f3 sz\u00e1m: 2023626671 EU ad\u00f3sz\u00e1m (\u00c1FA-azonos\u00edt\u00f3): SK2023626671 E-mail: info@mlynkolarovo.sk Tel.: 035 \/ 777 51 81 Kapcsolati \u0171rlap<\/p>\n","protected":false},"author":1,"featured_media":0,"parent":0,"menu_order":0,"comment_status":"closed","ping_status":"closed","template":"","meta":{"footnotes":""},"class_list":["post-3066","page","type-page","status-publish","hentry"],"_links":{"self":[{"href":"https:\/\/vitaflora.sk\/hu\/wp-json\/wp\/v2\/pages\/3066","targetHints":{"allow":["GET"]}}],"collection":[{"href":"https:\/\/vitaflora.sk\/hu\/wp-json\/wp\/v2\/pages"}],"about":[{"href":"https:\/\/vitaflora.sk\/hu\/wp-json\/wp\/v2\/types\/page"}],"author":[{"embeddable":true,"href":"https:\/\/vitaflora.sk\/hu\/wp-json\/wp\/v2\/users\/1"}],"replies":[{"embeddable":true,"href":"https:\/\/vitaflora.sk\/hu\/wp-json\/wp\/v2\/comments?post=3066"}],"version-history":[{"count":4,"href":"https:\/\/vitaflora.sk\/hu\/wp-json\/wp\/v2\/pages\/3066\/revisions"}],"predecessor-version":[{"id":3512,"href":"https:\/\/vitaflora.sk\/hu\/wp-json\/wp\/v2\/pages\/3066\/revisions\/3512"}],"wp:attachment":[{"href":"https:\/\/vitaflora.sk\/hu\/wp-json\/wp\/v2\/media?parent=3066"}],"curies":[{"name":"wp","href":"https:\/\/api.w.org\/{rel}","templated":true}]}}