{"id":3124,"date":"2025-09-10T08:50:11","date_gmt":"2025-09-10T06:50:11","guid":{"rendered":"https:\/\/vitaflora.sk\/produkt\/tonkoly-palacsinta\/"},"modified":"2025-09-10T08:50:11","modified_gmt":"2025-09-10T06:50:11","slug":"tonkoly-palacsinta","status":"publish","type":"product","link":"https:\/\/vitaflora.sk\/hu\/produkt\/tonkoly-palacsinta\/","title":{"rendered":"T\u00f6nk\u00f6ly palacsinta"},"content":{"rendered":"","protected":false},"excerpt":{"rendered":"<p>Eg\u00e9szs\u00e9gesebb alternat\u00edva a klasszikus palacsint\u00e1hoz. T\u00f6nk\u00f6lylisztb\u0151l k\u00e9sz\u00fclt, el\u00e9g hozz\u00e1 vizet adni, elkeverni, \u00e9s m\u00e1r s\u00fcthet\u0151 is. K\u00f6nny\u0171, finom palacsinta, amely \u00e9desen \u00e9s s\u00f3san is kiv\u00e1l\u00f3.<\/p>\n","protected":false},"featured_media":3132,"template":"","meta":[],"product_brand":[],"product_cat":[45],"product_tag":[],"class_list":{"0":"post-3124","1":"product","2":"type-product","3":"status-publish","4":"has-post-thumbnail","6":"product_cat-all-in-hu","8":"first","9":"instock","10":"taxable","11":"shipping-taxable","12":"purchasable","13":"product-type-simple"},"_links":{"self":[{"href":"https:\/\/vitaflora.sk\/hu\/wp-json\/wp\/v2\/product\/3124","targetHints":{"allow":["GET"]}}],"collection":[{"href":"https:\/\/vitaflora.sk\/hu\/wp-json\/wp\/v2\/product"}],"about":[{"href":"https:\/\/vitaflora.sk\/hu\/wp-json\/wp\/v2\/types\/product"}],"wp:featuredmedia":[{"embeddable":true,"href":"https:\/\/vitaflora.sk\/hu\/wp-json\/wp\/v2\/media\/3132"}],"wp:attachment":[{"href":"https:\/\/vitaflora.sk\/hu\/wp-json\/wp\/v2\/media?parent=3124"}],"wp:term":[{"taxonomy":"product_brand","embeddable":true,"href":"https:\/\/vitaflora.sk\/hu\/wp-json\/wp\/v2\/product_brand?post=3124"},{"taxonomy":"product_cat","embeddable":true,"href":"https:\/\/vitaflora.sk\/hu\/wp-json\/wp\/v2\/product_cat?post=3124"},{"taxonomy":"product_tag","embeddable":true,"href":"https:\/\/vitaflora.sk\/hu\/wp-json\/wp\/v2\/product_tag?post=3124"}],"curies":[{"name":"wp","href":"https:\/\/api.w.org\/{rel}","templated":true}]}}