{"id":3143,"date":"2025-09-29T11:45:02","date_gmt":"2025-09-29T09:45:02","guid":{"rendered":"https:\/\/vitaflora.sk\/produkt\/teljes-kiorlesu-buzaliszt\/"},"modified":"2025-09-29T11:45:02","modified_gmt":"2025-09-29T09:45:02","slug":"teljes-kiorlesu-buzaliszt","status":"publish","type":"product","link":"https:\/\/vitaflora.sk\/hu\/produkt\/teljes-kiorlesu-buzaliszt\/","title":{"rendered":"Teljes ki\u00f6rl\u00e9s\u0171 b\u00fazaliszt"},"content":{"rendered":"","protected":false},"excerpt":{"rendered":"<p>A teljes b\u00fazaszemb\u0151l \u0151r\u00f6lt liszt, amely meg\u0151rzi a gabona minden \u00e9rt\u00e9kes r\u00e9sz\u00e9t: a korp\u00e1t, a cs\u00edr\u00e1t \u00e9s a t\u00e1panyagokat. Magas rosttartalma seg\u00edti az em\u00e9szt\u00e9st, enyh\u00e9n di\u00f3s \u00edze pedig k\u00fcl\u00f6nleges karaktert ad a kenyereknek \u00e9s s\u00fctem\u00e9nyeknek.<\/p>\n","protected":false},"featured_media":3145,"template":"","meta":[],"product_brand":[],"product_cat":[47],"product_tag":[],"class_list":{"0":"post-3143","1":"product","2":"type-product","3":"status-publish","4":"has-post-thumbnail","6":"product_cat-natural-hu","8":"first","9":"instock","10":"taxable","11":"shipping-taxable","12":"purchasable","13":"product-type-simple"},"_links":{"self":[{"href":"https:\/\/vitaflora.sk\/hu\/wp-json\/wp\/v2\/product\/3143","targetHints":{"allow":["GET"]}}],"collection":[{"href":"https:\/\/vitaflora.sk\/hu\/wp-json\/wp\/v2\/product"}],"about":[{"href":"https:\/\/vitaflora.sk\/hu\/wp-json\/wp\/v2\/types\/product"}],"wp:featuredmedia":[{"embeddable":true,"href":"https:\/\/vitaflora.sk\/hu\/wp-json\/wp\/v2\/media\/3145"}],"wp:attachment":[{"href":"https:\/\/vitaflora.sk\/hu\/wp-json\/wp\/v2\/media?parent=3143"}],"wp:term":[{"taxonomy":"product_brand","embeddable":true,"href":"https:\/\/vitaflora.sk\/hu\/wp-json\/wp\/v2\/product_brand?post=3143"},{"taxonomy":"product_cat","embeddable":true,"href":"https:\/\/vitaflora.sk\/hu\/wp-json\/wp\/v2\/product_cat?post=3143"},{"taxonomy":"product_tag","embeddable":true,"href":"https:\/\/vitaflora.sk\/hu\/wp-json\/wp\/v2\/product_tag?post=3143"}],"curies":[{"name":"wp","href":"https:\/\/api.w.org\/{rel}","templated":true}]}}