{"id":3146,"date":"2025-09-29T13:35:53","date_gmt":"2025-09-29T11:35:53","guid":{"rendered":"https:\/\/vitaflora.sk\/produkt\/teljes-kiorlesu-rozsliszt\/"},"modified":"2025-09-29T13:35:53","modified_gmt":"2025-09-29T11:35:53","slug":"teljes-kiorlesu-rozsliszt","status":"publish","type":"product","link":"https:\/\/vitaflora.sk\/hu\/produkt\/teljes-kiorlesu-rozsliszt\/","title":{"rendered":"Teljes ki\u00f6rl\u00e9s\u0171 rozsliszt"},"content":{"rendered":"","protected":false},"excerpt":{"rendered":"<p>A teljes rozsszem feldolgoz\u00e1s\u00e1val k\u00e9sz\u00fcl, \u00edgy meg\u0151rzi term\u00e9szetes rost- \u00e9s \u00e1sv\u00e1nyianyag-tartalm\u00e1t. S\u00f6t\u00e9tebb, mark\u00e1nsabb \u00edz\u0171 liszt, amely kiv\u00e1l\u00f3 kov\u00e1szos kenyerekhez \u00e9s hagyom\u00e1nyos, rusztikus p\u00e9k\u00e1rukhoz.<\/p>\n","protected":false},"featured_media":3148,"template":"","meta":[],"product_brand":[],"product_cat":[47],"product_tag":[],"class_list":{"0":"post-3146","1":"product","2":"type-product","3":"status-publish","4":"has-post-thumbnail","6":"product_cat-natural-hu","8":"first","9":"instock","10":"taxable","11":"shipping-taxable","12":"purchasable","13":"product-type-simple"},"_links":{"self":[{"href":"https:\/\/vitaflora.sk\/hu\/wp-json\/wp\/v2\/product\/3146","targetHints":{"allow":["GET"]}}],"collection":[{"href":"https:\/\/vitaflora.sk\/hu\/wp-json\/wp\/v2\/product"}],"about":[{"href":"https:\/\/vitaflora.sk\/hu\/wp-json\/wp\/v2\/types\/product"}],"wp:featuredmedia":[{"embeddable":true,"href":"https:\/\/vitaflora.sk\/hu\/wp-json\/wp\/v2\/media\/3148"}],"wp:attachment":[{"href":"https:\/\/vitaflora.sk\/hu\/wp-json\/wp\/v2\/media?parent=3146"}],"wp:term":[{"taxonomy":"product_brand","embeddable":true,"href":"https:\/\/vitaflora.sk\/hu\/wp-json\/wp\/v2\/product_brand?post=3146"},{"taxonomy":"product_cat","embeddable":true,"href":"https:\/\/vitaflora.sk\/hu\/wp-json\/wp\/v2\/product_cat?post=3146"},{"taxonomy":"product_tag","embeddable":true,"href":"https:\/\/vitaflora.sk\/hu\/wp-json\/wp\/v2\/product_tag?post=3146"}],"curies":[{"name":"wp","href":"https:\/\/api.w.org\/{rel}","templated":true}]}}