{"id":3149,"date":"2025-09-29T13:40:30","date_gmt":"2025-09-29T11:40:30","guid":{"rendered":"https:\/\/vitaflora.sk\/produkt\/babadara\/"},"modified":"2025-09-29T13:40:30","modified_gmt":"2025-09-29T11:40:30","slug":"babadara","status":"publish","type":"product","link":"https:\/\/vitaflora.sk\/hu\/produkt\/babadara\/","title":{"rendered":"Babadara"},"content":{"rendered":"","protected":false},"excerpt":{"rendered":"<p>Finom szemcs\u00e9j\u0171 b\u00fazadara, kifejezetten kisgyermekek sz\u00e1m\u00e1ra. K\u00f6nnyen em\u00e9szthet\u0151, l\u00e1gy \u00e1llag\u00fa \u00e9s t\u00e1pl\u00e1l\u00f3 \u2013 ide\u00e1lis k\u00e1s\u00e1khoz, gy\u00fcm\u00f6lcsp\u00e9pekhez vagy desszertekhez.   <\/p>\n","protected":false},"featured_media":3150,"template":"","meta":[],"product_brand":[],"product_cat":[48],"product_tag":[],"class_list":{"0":"post-3149","1":"product","2":"type-product","3":"status-publish","4":"has-post-thumbnail","6":"product_cat-premium-hu","8":"first","9":"instock","10":"taxable","11":"shipping-taxable","12":"purchasable","13":"product-type-simple"},"_links":{"self":[{"href":"https:\/\/vitaflora.sk\/hu\/wp-json\/wp\/v2\/product\/3149","targetHints":{"allow":["GET"]}}],"collection":[{"href":"https:\/\/vitaflora.sk\/hu\/wp-json\/wp\/v2\/product"}],"about":[{"href":"https:\/\/vitaflora.sk\/hu\/wp-json\/wp\/v2\/types\/product"}],"wp:featuredmedia":[{"embeddable":true,"href":"https:\/\/vitaflora.sk\/hu\/wp-json\/wp\/v2\/media\/3150"}],"wp:attachment":[{"href":"https:\/\/vitaflora.sk\/hu\/wp-json\/wp\/v2\/media?parent=3149"}],"wp:term":[{"taxonomy":"product_brand","embeddable":true,"href":"https:\/\/vitaflora.sk\/hu\/wp-json\/wp\/v2\/product_brand?post=3149"},{"taxonomy":"product_cat","embeddable":true,"href":"https:\/\/vitaflora.sk\/hu\/wp-json\/wp\/v2\/product_cat?post=3149"},{"taxonomy":"product_tag","embeddable":true,"href":"https:\/\/vitaflora.sk\/hu\/wp-json\/wp\/v2\/product_tag?post=3149"}],"curies":[{"name":"wp","href":"https:\/\/api.w.org\/{rel}","templated":true}]}}