{"id":3151,"date":"2025-09-29T13:46:15","date_gmt":"2025-09-29T11:46:15","guid":{"rendered":"https:\/\/vitaflora.sk\/produkt\/tonkoly-langos\/"},"modified":"2025-09-29T13:46:15","modified_gmt":"2025-09-29T11:46:15","slug":"tonkoly-langos","status":"publish","type":"product","link":"https:\/\/vitaflora.sk\/hu\/produkt\/tonkoly-langos\/","title":{"rendered":"T\u00f6nk\u00f6ly l\u00e1ngos"},"content":{"rendered":"","protected":false},"excerpt":{"rendered":"<p>T\u00f6nk\u00f6lyliszt-alap\u00fa kever\u00e9k sz\u00e1r\u00edtott \u00e9leszt\u0151vel, amelyb\u0151l k\u00f6nnyed, puha l\u00e1ngos k\u00e9sz\u00edthet\u0151 dagaszt\u00e1s n\u00e9lk\u00fcl. Egy \u00f3ra pihentet\u00e9s ut\u00e1n ak\u00e1r 6\u201310 adag friss, <br \/> aranybarn\u00e1ra s\u00fclt l\u00e1ngost is s\u00fcthet.<\/p>\n","protected":false},"featured_media":3130,"template":"","meta":[],"product_brand":[],"product_cat":[45],"product_tag":[],"class_list":{"0":"post-3151","1":"product","2":"type-product","3":"status-publish","4":"has-post-thumbnail","6":"product_cat-all-in-hu","8":"first","9":"instock","10":"taxable","11":"shipping-taxable","12":"purchasable","13":"product-type-simple"},"_links":{"self":[{"href":"https:\/\/vitaflora.sk\/hu\/wp-json\/wp\/v2\/product\/3151","targetHints":{"allow":["GET"]}}],"collection":[{"href":"https:\/\/vitaflora.sk\/hu\/wp-json\/wp\/v2\/product"}],"about":[{"href":"https:\/\/vitaflora.sk\/hu\/wp-json\/wp\/v2\/types\/product"}],"wp:featuredmedia":[{"embeddable":true,"href":"https:\/\/vitaflora.sk\/hu\/wp-json\/wp\/v2\/media\/3130"}],"wp:attachment":[{"href":"https:\/\/vitaflora.sk\/hu\/wp-json\/wp\/v2\/media?parent=3151"}],"wp:term":[{"taxonomy":"product_brand","embeddable":true,"href":"https:\/\/vitaflora.sk\/hu\/wp-json\/wp\/v2\/product_brand?post=3151"},{"taxonomy":"product_cat","embeddable":true,"href":"https:\/\/vitaflora.sk\/hu\/wp-json\/wp\/v2\/product_cat?post=3151"},{"taxonomy":"product_tag","embeddable":true,"href":"https:\/\/vitaflora.sk\/hu\/wp-json\/wp\/v2\/product_tag?post=3151"}],"curies":[{"name":"wp","href":"https:\/\/api.w.org\/{rel}","templated":true}]}}